{"id":1870,"date":"2023-02-02T09:21:16","date_gmt":"2023-02-02T08:21:16","guid":{"rendered":"https:\/\/reygamba.welovewebs.es\/historia-ca\/"},"modified":"2023-04-27T08:39:21","modified_gmt":"2023-04-27T06:39:21","slug":"historia","status":"publish","type":"page","link":"https:\/\/reydelagamba.com\/ca\/historia\/","title":{"rendered":"Hist\u00f2ria"},"content":{"rendered":"<p>[et_pb_section fb_built=&#8221;1&#8243; _builder_version=&#8221;4.19.5&#8243; _module_preset=&#8221;default&#8221; custom_padding=&#8221;0px||0px||true|false&#8221; locked=&#8221;off&#8221; global_colors_info=&#8221;{}&#8221;][et_pb_row _builder_version=&#8221;4.19.5&#8243; _module_preset=&#8221;default&#8221; width=&#8221;100%&#8221; max_width=&#8221;100%&#8221; custom_padding=&#8221;0px||0px||true|false&#8221; global_colors_info=&#8221;{}&#8221;][et_pb_column type=&#8221;4_4&#8243; _builder_version=&#8221;4.19.5&#8243; _module_preset=&#8221;default&#8221; global_colors_info=&#8221;{}&#8221;][et_pb_slider module_id=&#8221;slider-superior&#8221; _builder_version=&#8221;4.19.5&#8243; _module_preset=&#8221;default&#8221; body_font=&#8221;Arvo||||||||&#8221; body_font_size=&#8221;40px&#8221; body_line_height=&#8221;1.4em&#8221; background_color=&#8221;RGBA(255,255,255,0)&#8221; background_image=&#8221;https:\/\/reydelagamba.com\/wp-content\/uploads\/2023\/02\/header-historia-el-rey-de-la-gamba.webp&#8221; custom_button=&#8221;on&#8221; button_text_size=&#8221;14px&#8221; button_border_width=&#8221;1px&#8221; button_border_radius=&#8221;0px&#8221; button_font=&#8221;Arvo|700||on|||||&#8221; button_use_icon=&#8221;off&#8221; module_alignment=&#8221;center&#8221; content_max_width=&#8221;850px&#8221; custom_padding=&#8221;220px||110px||false|false&#8221; global_colors_info=&#8221;{}&#8221;][et_pb_slide heading=&#8221;Un restaurant dels de sempre&#8221; _builder_version=&#8221;4.19.5&#8243; _module_preset=&#8221;default&#8221; header_level=&#8221;h3&#8243; header_font=&#8221;Caveat||||||||&#8221; background_enable_color=&#8221;off&#8221; global_colors_info=&#8221;{}&#8221; sticky_transition=&#8221;on&#8221;]<\/p>\n<p>El Rey de la Gamba promet una experi\u00e8ncia \u00fanica per al paladar al cor de la Barceloneta<\/p>\n<p>[\/et_pb_slide][\/et_pb_slider][\/et_pb_column][\/et_pb_row][\/et_pb_section][et_pb_section fb_built=&#8221;1&#8243; specialty=&#8221;on&#8221; custom_css_main_1=&#8221;text-align:right;&#8221; custom_css_main_2=&#8221;box-shadow:5px 5px 10px grey;||padding:2em;||background-color:white;&#8221; module_id=&#8221;nuestra-historia&#8221; module_class=&#8221;fondo-tres-fotos&#8221; _builder_version=&#8221;4.19.5&#8243; _module_preset=&#8221;default&#8221; inner_width=&#8221;90%&#8221; min_height=&#8221;500px&#8221; custom_padding=&#8221;||2em||false|false&#8221; custom_css_main_element=&#8221;overflow:hidden;&#8221; global_colors_info=&#8221;{}&#8221;][et_pb_column type=&#8221;1_2&#8243; specialty_columns=&#8221;2&#8243; _builder_version=&#8221;4.16&#8243; custom_padding=&#8221;|||&#8221; global_colors_info=&#8221;{}&#8221; custom_padding__hover=&#8221;|||&#8221;][et_pb_row_inner column_structure=&#8221;1_3,1_3,1_3&#8243; use_custom_gutter=&#8221;on&#8221; custom_padding_last_edited=&#8221;off|tablet&#8221; _builder_version=&#8221;4.19.5&#8243; _module_preset=&#8221;default&#8221; positioning=&#8221;absolute&#8221; position_origin_a=&#8221;center_left&#8221; horizontal_offset=&#8221;-50%&#8221; width=&#8221;100%&#8221; custom_padding=&#8221;0px||0px||true|false&#8221; custom_padding_tablet=&#8221;2em||2em||true|false&#8221; custom_css_main_element=&#8221;position: absolute!important;||left: -50%;||transform: none;||min-width: 80vw;||width: 80vw !important;||text-align:right;&#8221; global_colors_info=&#8221;{}&#8221;][et_pb_column_inner type=&#8221;1_3&#8243; saved_specialty_column_type=&#8221;1_2&#8243; _builder_version=&#8221;4.19.5&#8243; _module_preset=&#8221;default&#8221; global_colors_info=&#8221;{}&#8221;][et_pb_image src=&#8221;https:\/\/reydelagamba.com\/wp-content\/uploads\/2023\/02\/foto-historia-3.webp&#8221; title_text=&#8221;foto-historia-3&#8243; _builder_version=&#8221;4.19.5&#8243; _module_preset=&#8221;default&#8221; global_colors_info=&#8221;{}&#8221;][\/et_pb_image][\/et_pb_column_inner][et_pb_column_inner type=&#8221;1_3&#8243; saved_specialty_column_type=&#8221;1_2&#8243; _builder_version=&#8221;4.19.5&#8243; _module_preset=&#8221;default&#8221; global_colors_info=&#8221;{}&#8221;][et_pb_image src=&#8221;https:\/\/reydelagamba.com\/wp-content\/uploads\/2023\/02\/imagen-2-historia-el-rey-de-la-gamba.webp&#8221; title_text=&#8221;imagen-2-historia-el-rey-de-la-gamba&#8221; _builder_version=&#8221;4.19.5&#8243; _module_preset=&#8221;default&#8221; global_colors_info=&#8221;{}&#8221;][\/et_pb_image][\/et_pb_column_inner][et_pb_column_inner type=&#8221;1_3&#8243; saved_specialty_column_type=&#8221;1_2&#8243; _builder_version=&#8221;4.19.5&#8243; _module_preset=&#8221;default&#8221; global_colors_info=&#8221;{}&#8221;][et_pb_image src=&#8221;https:\/\/reydelagamba.com\/wp-content\/uploads\/2023\/02\/imagen-3-historia-el-rey-de-la-gamba.webp&#8221; title_text=&#8221;imagen-3-historia-el-rey-de-la-gamba&#8221; _builder_version=&#8221;4.19.5&#8243; _module_preset=&#8221;default&#8221; global_colors_info=&#8221;{}&#8221;][\/et_pb_image][\/et_pb_column_inner][\/et_pb_row_inner][\/et_pb_column][et_pb_column type=&#8221;1_2&#8243; _builder_version=&#8221;4.16&#8243; custom_padding=&#8221;|||&#8221; global_colors_info=&#8221;{}&#8221; custom_padding__hover=&#8221;|||&#8221;][et_pb_text _builder_version=&#8221;4.19.5&#8243; _module_preset=&#8221;default&#8221; header_font=&#8221;Arvo||||||||&#8221; header_text_color=&#8221;#399eee&#8221; header_font_size=&#8221;40px&#8221; header_line_height=&#8221;1.5em&#8221; header_3_font=&#8221;Caveat||||||||&#8221; header_3_text_color=&#8221;#0C71C3&#8243; header_3_font_size=&#8221;30px&#8221; custom_margin=&#8221;||0px||false|false&#8221; global_colors_info=&#8221;{}&#8221;]<\/p>\n<h1>La nostra hist\u00f2ria<\/h1>\n<p>[\/et_pb_text][et_pb_text _builder_version=&#8221;4.19.5&#8243; _module_preset=&#8221;default&#8221; hover_enabled=&#8221;0&#8243; global_colors_info=&#8221;{}&#8221; sticky_enabled=&#8221;0&#8243;]<\/p>\n<p>El Rey de la Gamba va encendre els seus focs al <b data-stringify-type=\"bold\">1972<\/b>\u00a0de la m\u00e0 de Don\u00a0<b data-stringify-type=\"bold\">Jos\u00e9 Llopis<\/b>\u00a0(que lamentablement ens va deixar a finals de mar\u00e7 del 2023), per posteriorment al\u00a0<b data-stringify-type=\"bold\">2002<\/b>\u00a0passar a les mans de l&#8217;hostaler\u00a0<b data-stringify-type=\"bold\">Juan Manuel Cals<\/b>, persona de confian\u00e7a del Sr. Llopis, donant-li un aire fresc i innovador aconseguint fer-se un lloc entre els m\u00e9s grans de la ciutat i convertint-lo en un dels restaurants m\u00e9s coneguts mundialment. Es rumoreja que El Rey de la Gamba t\u00e9 <b data-stringify-type=\"bold\">el mateix encanteri<\/b> que la \u00abFont de Canaletes\u00bb, tothom que el visita torna de nou.<\/p>\n<p>[\/et_pb_text][\/et_pb_column][\/et_pb_section][et_pb_section fb_built=&#8221;1&#8243; specialty=&#8221;on&#8221; custom_css_main_1=&#8221;box-shadow:5px 5px 10px grey;||padding:2em;||background-color:white;||z-index:9;&#8221; custom_css_main_2=&#8221;z-index:1;&#8221; module_id=&#8221;la-cocina&#8221; module_class=&#8221;fondo-tres-fotos&#8221; _builder_version=&#8221;4.19.5&#8243; _module_preset=&#8221;default&#8221; inner_width=&#8221;90%&#8221; min_height=&#8221;500px&#8221; custom_padding=&#8221;0px||0px||true|false&#8221; custom_css_main_element=&#8221;overflow:hidden;&#8221; global_colors_info=&#8221;{}&#8221;][et_pb_column type=&#8221;1_2&#8243; _builder_version=&#8221;4.16&#8243; custom_padding=&#8221;|||&#8221; global_colors_info=&#8221;{}&#8221; custom_padding__hover=&#8221;|||&#8221;][et_pb_text _builder_version=&#8221;4.19.5&#8243; _module_preset=&#8221;default&#8221; header_font=&#8221;Arvo||||||||&#8221; header_text_color=&#8221;#399eee&#8221; header_font_size=&#8221;40px&#8221; header_line_height=&#8221;1.5em&#8221; header_3_font=&#8221;Caveat||||||||&#8221; header_3_text_color=&#8221;#0C71C3&#8243; header_3_font_size=&#8221;30px&#8221; custom_margin=&#8221;||0px||false|false&#8221; global_colors_info=&#8221;{}&#8221;]<\/p>\n<h1>La cuina<\/h1>\n<p>[\/et_pb_text][et_pb_text _builder_version=&#8221;4.19.5&#8243; _module_preset=&#8221;default&#8221; hover_enabled=&#8221;0&#8243; global_colors_info=&#8221;{}&#8221; sticky_enabled=&#8221;0&#8243;]<\/p>\n<p>Culin\u00e0riament parlant, \u00e9s conegut per les seves <strong> imponents racions de gambes, les seves exuberants graellades de peix i marisc, el seu pernil de reserva i com no, el seu plat imperial, la Mariscada.<\/strong> Sense oblidar les seves paelles i arrossos caldosos t\u00edpics del barri pescador de la Barceloneta. Aix\u00f2 \u00e9s El Rey de la Gamba, gr\u00e0cies en part a tu.<\/p>\n<p>[\/et_pb_text][\/et_pb_column][et_pb_column type=&#8221;1_2&#8243; specialty_columns=&#8221;2&#8243; _builder_version=&#8221;4.16&#8243; custom_padding=&#8221;|||&#8221; global_colors_info=&#8221;{}&#8221; custom_padding__hover=&#8221;|||&#8221;][et_pb_row_inner column_structure=&#8221;1_3,1_3,1_3&#8243; use_custom_gutter=&#8221;on&#8221; _builder_version=&#8221;4.19.5&#8243; _module_preset=&#8221;default&#8221; positioning=&#8221;absolute&#8221; position_origin_a=&#8221;center_right&#8221; horizontal_offset=&#8221;-50%&#8221; width=&#8221;100%&#8221; custom_padding=&#8221;0px||0px||true|false&#8221; custom_css_main_element=&#8221;position: absolute!important;||right: -50%;||transform: none;||min-width: 80vw;||width: 80vw !important;&#8221; global_colors_info=&#8221;{}&#8221;][et_pb_column_inner type=&#8221;1_3&#8243; saved_specialty_column_type=&#8221;1_2&#8243; _builder_version=&#8221;4.19.5&#8243; _module_preset=&#8221;default&#8221; global_colors_info=&#8221;{}&#8221;][et_pb_image src=&#8221;https:\/\/reydelagamba.com\/wp-content\/uploads\/2023\/02\/imagen-1-comida-el-rey-de-la-gamba.webp&#8221; title_text=&#8221;imagen-1-comida-el-rey-de-la-gamba&#8221; _builder_version=&#8221;4.19.5&#8243; _module_preset=&#8221;default&#8221; global_colors_info=&#8221;{}&#8221;][\/et_pb_image][\/et_pb_column_inner][et_pb_column_inner type=&#8221;1_3&#8243; saved_specialty_column_type=&#8221;1_2&#8243; _builder_version=&#8221;4.19.5&#8243; _module_preset=&#8221;default&#8221; global_colors_info=&#8221;{}&#8221;][et_pb_image src=&#8221;https:\/\/reydelagamba.com\/wp-content\/uploads\/2023\/02\/imagen-2-comida-el-rey-de-la-gamba.webp&#8221; title_text=&#8221;imagen-2-comida-el-rey-de-la-gamba&#8221; _builder_version=&#8221;4.19.5&#8243; _module_preset=&#8221;default&#8221; global_colors_info=&#8221;{}&#8221;][\/et_pb_image][\/et_pb_column_inner][et_pb_column_inner type=&#8221;1_3&#8243; saved_specialty_column_type=&#8221;1_2&#8243; _builder_version=&#8221;4.19.5&#8243; _module_preset=&#8221;default&#8221; global_colors_info=&#8221;{}&#8221;][et_pb_image src=&#8221;https:\/\/reydelagamba.com\/wp-content\/uploads\/2023\/02\/foto-comida-3.webp&#8221; title_text=&#8221;foto-comida-3&#8243; _builder_version=&#8221;4.19.5&#8243; _module_preset=&#8221;default&#8221; global_colors_info=&#8221;{}&#8221;][\/et_pb_image][\/et_pb_column_inner][\/et_pb_row_inner][\/et_pb_column][\/et_pb_section][et_pb_section fb_built=&#8221;1&#8243; module_id=&#8221;formulario-reserva&#8221; _builder_version=&#8221;4.19.5&#8243; _module_preset=&#8221;default&#8221; background_image=&#8221;https:\/\/reydelagamba.com\/wp-content\/uploads\/2023\/02\/fondo-marisco-el-rey-de-la-gamba.svg&#8221; background_position=&#8221;top_center&#8221; custom_margin=&#8221;2em||2em||true|false&#8221; saved_tabs=&#8221;all&#8221; global_colors_info=&#8221;{}&#8221;][et_pb_row module_id=&#8221;header-form-reserva&#8221; _builder_version=&#8221;4.19.5&#8243; _module_preset=&#8221;default&#8221; width_tablet=&#8221;90%&#8221; width_phone=&#8221;&#8221; width_last_edited=&#8221;on|tablet&#8221; max_width=&#8221;700px&#8221; module_alignment=&#8221;center&#8221; custom_padding=&#8221;0px||0px||true|false&#8221; global_colors_info=&#8221;{}&#8221;][et_pb_column type=&#8221;4_4&#8243; _builder_version=&#8221;4.19.5&#8243; _module_preset=&#8221;default&#8221; global_colors_info=&#8221;{}&#8221;][et_pb_cta title=&#8221;Reserves pel mateix dia&#8221; button_url=&#8221;tel:+34932256401&#8243; button_text=&#8221;93 225 64 01&#8243; _builder_version=&#8221;4.19.5&#8243; _module_preset=&#8221;default&#8221; header_level=&#8221;h3&#8243; header_font=&#8221;Arvo||||||||&#8221; header_text_color=&#8221;#000000&#8243; header_font_size=&#8221;30px&#8221; background_color=&#8221;#ACDDF2&#8243; custom_button=&#8221;on&#8221; button_text_size=&#8221;19px&#8221; button_text_color=&#8221;#000000&#8243; button_border_width=&#8221;1px&#8221; button_border_radius=&#8221;0px&#8221; button_font=&#8221;Arvo|700|||||||&#8221; button_icon=&#8221;&#xf879;||fa||900&#8243; button_icon_placement=&#8221;left&#8221; button_on_hover=&#8221;off&#8221; custom_margin=&#8221;0px||0px||true|false&#8221; custom_padding=&#8221;0px||0px||true|false&#8221; custom_css_main_element=&#8221;display:flex;||justify-content:center;||align-content:center;||align-items:center;&#8221; custom_css_promo_description=&#8221;display:flex;||align-content:center;||align-items:center;&#8221; custom_css_promo_button=&#8221;margin-left:1em;&#8221; custom_css_promo_title=&#8221;display:flex;||align-content:center;||align-items:center;&#8221; global_colors_info=&#8221;{}&#8221;][\/et_pb_cta][et_pb_text _builder_version=&#8221;4.19.5&#8243; _module_preset=&#8221;default&#8221; header_4_font=&#8221;Arvo||||||||&#8221; header_4_text_align=&#8221;center&#8221; header_4_text_color=&#8221;#399EEE&#8221; header_4_font_size=&#8221;40px&#8221; background_color=&#8221;#FFFFFF&#8221; custom_margin=&#8221;||||false|false&#8221; custom_padding=&#8221;2em||||false|false&#8221; global_colors_info=&#8221;{}&#8221;]<\/p>\n<h4>Reservar taula<\/h4>\n<p>[\/et_pb_text][\/et_pb_column][\/et_pb_row][et_pb_row _builder_version=&#8221;4.19.5&#8243; _module_preset=&#8221;default&#8221; width_tablet=&#8221;90%&#8221; width_phone=&#8221;&#8221; width_last_edited=&#8221;on|tablet&#8221; max_width=&#8221;700px&#8221; module_alignment=&#8221;center&#8221; custom_padding=&#8221;0px||0px||true|false&#8221; global_colors_info=&#8221;{}&#8221;][et_pb_column type=&#8221;4_4&#8243; _builder_version=&#8221;4.19.5&#8243; _module_preset=&#8221;default&#8221; global_colors_info=&#8221;{}&#8221;][difl_cfseven cf7_forms=&#8221;2011&#8243; input_background_bgcolor=&#8221;#f2f2f3&#8243; dropdown_padding=&#8221;0.5em|2em|0.5em|2em|true|true&#8221; select_background_bgcolor=&#8221;#f2f2f3&#8243; submit_background_bgcolor=&#8221;#FFFFFF&#8221; input_padding=&#8221;0.5em|1em|0.5em|1em|true|true&#8221; submit_padding=&#8221;0.5em|2em|0.5em|2em|true|true&#8221; _builder_version=&#8221;4.19.5&#8243; _module_preset=&#8221;default&#8221; submit_font=&#8221;Arvo|700||on|||||&#8221; submit_text_color=&#8221;#399EEE&#8221; submit_font_size=&#8221;14px&#8221; background_color=&#8221;#FFFFFF&#8221; custom_padding=&#8221;2em|2em|2em|2em|true|true&#8221; border_color_all_input=&#8221;RGBA(255,255,255,0)&#8221; border_style_all_input=&#8221;none&#8221; border_color_all_dropdown=&#8221;RGBA(255,255,255,0)&#8221; border_style_all_dropdown=&#8221;none&#8221; border_width_all_submit=&#8221;1px&#8221; border_color_all_submit=&#8221;#399EEE&#8221; global_colors_info=&#8221;{}&#8221;][\/difl_cfseven][\/et_pb_column][\/et_pb_row][\/et_pb_section]<\/p>\n","protected":false},"excerpt":{"rendered":"<p>El Rey de la Gamba promet una experi\u00e8ncia \u00fanica per al paladar al cor de la BarcelonetaLa nostra hist\u00f2riaEl Rey de la Gamba va encendre els seus focs al 1972\u00a0de la m\u00e0 de Don\u00a0Jos\u00e9 Llopis\u00a0(que lamentablement ens va deixar a finals de mar\u00e7 del 2023), per posteriorment al\u00a02002\u00a0passar a les mans de l&#8217;hostaler\u00a0Juan Manuel Cals, [&hellip;]<\/p>\n","protected":false},"author":1,"featured_media":0,"parent":0,"menu_order":0,"comment_status":"closed","ping_status":"closed","template":"","meta":{"_et_pb_use_builder":"on","_et_pb_old_content":"","_et_gb_content_width":"","inline_featured_image":false,"footnotes":""},"categories":[],"tags":[],"difl_page_category":[],"class_list":["post-1870","page","type-page","status-publish","hentry"],"yoast_head":"<!-- This site is optimized with the Yoast SEO plugin v26.6 - https:\/\/yoast.com\/wordpress\/plugins\/seo\/ -->\n<title>Restaurant El Rey de la Gamba | M\u00e9s de 50 anys d&#039;hist\u00f2ria<\/title>\n<meta name=\"description\" content=\"Des del 1972, El rey de la Gamba promet una experi\u00e8ncia \u00fanica per al paladar al cor de la Barceloneta. Tothom que el visita, torna\" \/>\n<meta name=\"robots\" content=\"index, follow, max-snippet:-1, max-image-preview:large, max-video-preview:-1\" \/>\n<link rel=\"canonical\" href=\"https:\/\/reydelagamba.com\/ca\/historia\/\" \/>\n<meta property=\"og:locale\" content=\"ca_ES\" \/>\n<meta property=\"og:type\" content=\"article\" \/>\n<meta property=\"og:title\" content=\"Restaurant El Rey de la Gamba | M\u00e9s de 50 anys d&#039;hist\u00f2ria\" \/>\n<meta property=\"og:description\" content=\"Des del 1972, El rey de la Gamba promet una experi\u00e8ncia \u00fanica per al paladar al cor de la Barceloneta. Tothom que el visita, torna\" \/>\n<meta property=\"og:url\" content=\"https:\/\/reydelagamba.com\/ca\/historia\/\" \/>\n<meta property=\"og:site_name\" content=\"El Rey de la Gamba\" \/>\n<meta property=\"article:modified_time\" content=\"2023-04-27T06:39:21+00:00\" \/>\n<meta name=\"twitter:card\" content=\"summary_large_image\" \/>\n<meta name=\"twitter:label1\" content=\"Temps estimat de lectura\" \/>\n\t<meta name=\"twitter:data1\" content=\"7 minuts\" \/>\n<script type=\"application\/ld+json\" class=\"yoast-schema-graph\">{\"@context\":\"https:\/\/schema.org\",\"@graph\":[{\"@type\":\"WebPage\",\"@id\":\"https:\/\/reydelagamba.com\/ca\/historia\/\",\"url\":\"https:\/\/reydelagamba.com\/ca\/historia\/\",\"name\":\"Restaurant El Rey de la Gamba | M\u00e9s de 50 anys d'hist\u00f2ria\",\"isPartOf\":{\"@id\":\"https:\/\/reydelagamba.com\/ca\/#website\"},\"datePublished\":\"2023-02-02T08:21:16+00:00\",\"dateModified\":\"2023-04-27T06:39:21+00:00\",\"description\":\"Des del 1972, El rey de la Gamba promet una experi\u00e8ncia \u00fanica per al paladar al cor de la Barceloneta. Tothom que el visita, torna\",\"breadcrumb\":{\"@id\":\"https:\/\/reydelagamba.com\/ca\/historia\/#breadcrumb\"},\"inLanguage\":\"ca\",\"potentialAction\":[{\"@type\":\"ReadAction\",\"target\":[\"https:\/\/reydelagamba.com\/ca\/historia\/\"]}]},{\"@type\":\"BreadcrumbList\",\"@id\":\"https:\/\/reydelagamba.com\/ca\/historia\/#breadcrumb\",\"itemListElement\":[{\"@type\":\"ListItem\",\"position\":1,\"name\":\"Portada\",\"item\":\"https:\/\/reydelagamba.com\/ca\/inicio\/\"},{\"@type\":\"ListItem\",\"position\":2,\"name\":\"Hist\u00f2ria\"}]},{\"@type\":\"WebSite\",\"@id\":\"https:\/\/reydelagamba.com\/ca\/#website\",\"url\":\"https:\/\/reydelagamba.com\/ca\/\",\"name\":\"El Rey de la Gamba\",\"description\":\"Restaurante en la Barceloneta desde 1972\",\"potentialAction\":[{\"@type\":\"SearchAction\",\"target\":{\"@type\":\"EntryPoint\",\"urlTemplate\":\"https:\/\/reydelagamba.com\/ca\/?s={search_term_string}\"},\"query-input\":{\"@type\":\"PropertyValueSpecification\",\"valueRequired\":true,\"valueName\":\"search_term_string\"}}],\"inLanguage\":\"ca\"}]}<\/script>\n<!-- \/ Yoast SEO plugin. -->","yoast_head_json":{"title":"Restaurant El Rey de la Gamba | M\u00e9s de 50 anys d'hist\u00f2ria","description":"Des del 1972, El rey de la Gamba promet una experi\u00e8ncia \u00fanica per al paladar al cor de la Barceloneta. Tothom que el visita, torna","robots":{"index":"index","follow":"follow","max-snippet":"max-snippet:-1","max-image-preview":"max-image-preview:large","max-video-preview":"max-video-preview:-1"},"canonical":"https:\/\/reydelagamba.com\/ca\/historia\/","og_locale":"ca_ES","og_type":"article","og_title":"Restaurant El Rey de la Gamba | M\u00e9s de 50 anys d'hist\u00f2ria","og_description":"Des del 1972, El rey de la Gamba promet una experi\u00e8ncia \u00fanica per al paladar al cor de la Barceloneta. Tothom que el visita, torna","og_url":"https:\/\/reydelagamba.com\/ca\/historia\/","og_site_name":"El Rey de la Gamba","article_modified_time":"2023-04-27T06:39:21+00:00","twitter_card":"summary_large_image","twitter_misc":{"Temps estimat de lectura":"7 minuts"},"schema":{"@context":"https:\/\/schema.org","@graph":[{"@type":"WebPage","@id":"https:\/\/reydelagamba.com\/ca\/historia\/","url":"https:\/\/reydelagamba.com\/ca\/historia\/","name":"Restaurant El Rey de la Gamba | M\u00e9s de 50 anys d'hist\u00f2ria","isPartOf":{"@id":"https:\/\/reydelagamba.com\/ca\/#website"},"datePublished":"2023-02-02T08:21:16+00:00","dateModified":"2023-04-27T06:39:21+00:00","description":"Des del 1972, El rey de la Gamba promet una experi\u00e8ncia \u00fanica per al paladar al cor de la Barceloneta. Tothom que el visita, torna","breadcrumb":{"@id":"https:\/\/reydelagamba.com\/ca\/historia\/#breadcrumb"},"inLanguage":"ca","potentialAction":[{"@type":"ReadAction","target":["https:\/\/reydelagamba.com\/ca\/historia\/"]}]},{"@type":"BreadcrumbList","@id":"https:\/\/reydelagamba.com\/ca\/historia\/#breadcrumb","itemListElement":[{"@type":"ListItem","position":1,"name":"Portada","item":"https:\/\/reydelagamba.com\/ca\/inicio\/"},{"@type":"ListItem","position":2,"name":"Hist\u00f2ria"}]},{"@type":"WebSite","@id":"https:\/\/reydelagamba.com\/ca\/#website","url":"https:\/\/reydelagamba.com\/ca\/","name":"El Rey de la Gamba","description":"Restaurante en la Barceloneta desde 1972","potentialAction":[{"@type":"SearchAction","target":{"@type":"EntryPoint","urlTemplate":"https:\/\/reydelagamba.com\/ca\/?s={search_term_string}"},"query-input":{"@type":"PropertyValueSpecification","valueRequired":true,"valueName":"search_term_string"}}],"inLanguage":"ca"}]}},"_links":{"self":[{"href":"https:\/\/reydelagamba.com\/ca\/wp-json\/wp\/v2\/pages\/1870","targetHints":{"allow":["GET"]}}],"collection":[{"href":"https:\/\/reydelagamba.com\/ca\/wp-json\/wp\/v2\/pages"}],"about":[{"href":"https:\/\/reydelagamba.com\/ca\/wp-json\/wp\/v2\/types\/page"}],"author":[{"embeddable":true,"href":"https:\/\/reydelagamba.com\/ca\/wp-json\/wp\/v2\/users\/1"}],"replies":[{"embeddable":true,"href":"https:\/\/reydelagamba.com\/ca\/wp-json\/wp\/v2\/comments?post=1870"}],"version-history":[{"count":0,"href":"https:\/\/reydelagamba.com\/ca\/wp-json\/wp\/v2\/pages\/1870\/revisions"}],"wp:attachment":[{"href":"https:\/\/reydelagamba.com\/ca\/wp-json\/wp\/v2\/media?parent=1870"}],"wp:term":[{"taxonomy":"category","embeddable":true,"href":"https:\/\/reydelagamba.com\/ca\/wp-json\/wp\/v2\/categories?post=1870"},{"taxonomy":"post_tag","embeddable":true,"href":"https:\/\/reydelagamba.com\/ca\/wp-json\/wp\/v2\/tags?post=1870"},{"taxonomy":"difl_page_category","embeddable":true,"href":"https:\/\/reydelagamba.com\/ca\/wp-json\/wp\/v2\/difl_page_category?post=1870"}],"curies":[{"name":"wp","href":"https:\/\/api.w.org\/{rel}","templated":true}]}}